{"id":365,"date":"2026-04-20T15:48:01","date_gmt":"2026-04-20T15:48:01","guid":{"rendered":"https:\/\/www.patapon95.fr\/?page_id=365"},"modified":"2026-04-26T13:48:29","modified_gmt":"2026-04-26T13:48:29","slug":"ressources","status":"publish","type":"page","link":"https:\/\/www.patapon95.fr\/index.php\/ressources\/","title":{"rendered":"Ressources"},"content":{"rendered":"\n<h2 class=\"wp-block-heading\">Les urgences<\/h2>\n\n\n\n<blockquote class=\"wp-block-quote is-layout-flow wp-block-quote-is-layout-flow\">\n<p><strong>3919 &#8211; Violences femmes info<\/strong><br>Num\u00e9ro d&rsquo;\u00e9coute national, anonyme et gratuit. Accessible 24\/7. Ne figure pas sur les factures de t\u00e9l\u00e9phone.<\/p>\n\n\n\n<p><strong>Police : Gendarmerie<\/strong><br>En cas d&rsquo;urgence imm\u00e9diate, composez le&nbsp;<strong>17<\/strong>. Pour les personnes sourdes et malentendantes, le&nbsp;<strong>114<\/strong>&nbsp;par SMS.<\/p>\n<\/blockquote>\n\n\n\n<div class=\"wp-block-buttons is-content-justification-center is-layout-flex wp-container-core-buttons-is-layout-a89b3969 wp-block-buttons-is-layout-flex\">\n<div class=\"wp-block-button\"><a class=\"wp-block-button__link wp-element-button\" href=\"https:\/\/www.service-public.gouv.fr\/cmi\" target=\"_blank\" rel=\"noreferrer noopener\">Signaler une violence en ligne<\/a><\/div>\n<\/div>\n\n\n\n<p><strong>Les centres d&rsquo;information sur les droites des femmes et des familles (CIDFF<\/strong>)<br><a href=\"https:\/\/fncidff.info\/trouver-mon-cidff\/\" target=\"_blank\" rel=\"noreferrer noopener\">Trouvez une structure d&rsquo;accueil et d&rsquo;information juridique<\/a> pr\u00e8s de chez vous pour un accompagnement personnalis\u00e9<\/p>\n\n\n\n<h2 class=\"wp-block-heading\">Les proches de l&rsquo;association<\/h2>\n\n\n\n<p><strong><a href=\"https:\/\/carnicelli.eu\" target=\"_blank\" rel=\"noreferrer noopener\">Le blog de Pierre<\/a><\/strong> : C&rsquo;est le blog du co-pr\u00e9sident, fondateur de l&rsquo;association. Il y traite de diff\u00e9rents sujets comme L&rsquo;<a href=\"https:\/\/carnicelli.eu\/index.php\/category\/egalitefemmehomme\/\" target=\"_blank\" rel=\"noreferrer noopener\">\u00e9galit\u00e9 femme-homme<\/a> et <a href=\"https:\/\/carnicelli.eu\/index.php\/category\/violencesdegenre\/\" target=\"_blank\" rel=\"noreferrer noopener\">les violences de genre<\/a>, et bien d&rsquo;autres sujets \u00e0 d\u00e9couvrir sur le site<\/p>\n\n\n\n<p>Ensuite, <a href=\"https:\/\/mon-ame-soeur.org\/\" target=\"_blank\" rel=\"noreferrer noopener\"><strong>Mon \u00e2me soeur<\/strong><\/a> o\u00f9, et avec laquelle, certains de nos b\u00e9n\u00e9voles interviennent. Cette association accompagne les victimes de violences conjugales (femmes-hommes) dans tous les domaines de vie, par exemple, psychologique comme nous, mais aussi juridique, social&#8230;<\/p>\n","protected":false},"excerpt":{"rendered":"<p>Les urgences 3919 &#8211; Violences femmes infoNum\u00e9ro d&rsquo;\u00e9coute national, anonyme et gratuit. Accessible 24\/7. Ne figure pas sur les factures de t\u00e9l\u00e9phone. Police : GendarmerieEn cas d&rsquo;urgence imm\u00e9diate, composez le&nbsp;17. Pour les personnes sourdes et malentendantes, le&nbsp;114&nbsp;par SMS. Les centres d&rsquo;information sur les droites des femmes et des familles (CIDFF)Trouvez une structure d&rsquo;accueil et d&rsquo;information [&hellip;]<\/p>\n","protected":false},"author":2,"featured_media":368,"parent":0,"menu_order":0,"comment_status":"closed","ping_status":"closed","template":"","meta":{"footnotes":""},"class_list":["post-365","page","type-page","status-publish","has-post-thumbnail","hentry"],"_links":{"self":[{"href":"https:\/\/www.patapon95.fr\/index.php\/wp-json\/wp\/v2\/pages\/365","targetHints":{"allow":["GET"]}}],"collection":[{"href":"https:\/\/www.patapon95.fr\/index.php\/wp-json\/wp\/v2\/pages"}],"about":[{"href":"https:\/\/www.patapon95.fr\/index.php\/wp-json\/wp\/v2\/types\/page"}],"author":[{"embeddable":true,"href":"https:\/\/www.patapon95.fr\/index.php\/wp-json\/wp\/v2\/users\/2"}],"replies":[{"embeddable":true,"href":"https:\/\/www.patapon95.fr\/index.php\/wp-json\/wp\/v2\/comments?post=365"}],"version-history":[{"count":8,"href":"https:\/\/www.patapon95.fr\/index.php\/wp-json\/wp\/v2\/pages\/365\/revisions"}],"predecessor-version":[{"id":397,"href":"https:\/\/www.patapon95.fr\/index.php\/wp-json\/wp\/v2\/pages\/365\/revisions\/397"}],"wp:featuredmedia":[{"embeddable":true,"href":"https:\/\/www.patapon95.fr\/index.php\/wp-json\/wp\/v2\/media\/368"}],"wp:attachment":[{"href":"https:\/\/www.patapon95.fr\/index.php\/wp-json\/wp\/v2\/media?parent=365"}],"curies":[{"name":"wp","href":"https:\/\/api.w.org\/{rel}","templated":true}]}}