{"id":124,"date":"2026-04-12T02:15:54","date_gmt":"2026-04-12T02:15:54","guid":{"rendered":"https:\/\/www.patapon95.fr\/?page_id=124"},"modified":"2026-04-14T12:41:11","modified_gmt":"2026-04-14T12:41:11","slug":"mentions-legales","status":"publish","type":"page","link":"https:\/\/www.patapon95.fr\/index.php\/mentions-legales\/","title":{"rendered":"Mentions l\u00e9gales"},"content":{"rendered":"\n<h2 class=\"wp-block-heading has-text-align-center\">Association Patapon95 <br>Association loi 1901<\/h2>\n\n\n\n<p><strong>Objet :<\/strong> Promouvoir l\u2019\u00e9galit\u00e9 femmes\u2011hommes, lutter contre les violences de genre, soutenir et accompagner les victimes, mener des actions de pr\u00e9vention et de sensibilisation. <\/p>\n\n\n\n<p><strong>Fondateurs : <\/strong><\/p>\n\n\n\n<ul class=\"wp-block-list\">\n<li>Pierre C. DANIEL, Psychologue <\/li>\n\n\n\n<li>Brigitte DANIEL CARNICELLI, Assistante sociale<\/li>\n<\/ul>\n\n\n\n<p><strong>Responsable de publication : <\/strong>Pierre C. DANIEL<\/p>\n\n\n\n<p>Les donn\u00e9es personnelles transmises via le site sont trait\u00e9es de mani\u00e8re strictement confidentielle, conform\u00e9ment au RGPD.<\/p>\n\n\n\n<figure class=\"wp-block-image aligncenter size-full\"><img loading=\"lazy\" decoding=\"async\" width=\"100\" height=\"72\" src=\"http:\/\/www.patapon95.fr\/wp-content\/uploads\/2026\/04\/Logo-Patapon95-100-1.png\" alt=\"\" class=\"wp-image-81\"\/><\/figure>\n","protected":false},"excerpt":{"rendered":"<p>Association Patapon95 Association loi 1901 Objet : Promouvoir l\u2019\u00e9galit\u00e9 femmes\u2011hommes, lutter contre les violences de genre, soutenir et accompagner les victimes, mener des actions de pr\u00e9vention et de sensibilisation. Fondateurs : Responsable de publication : Pierre C. DANIEL Les donn\u00e9es personnelles transmises via le site sont trait\u00e9es de mani\u00e8re strictement confidentielle, conform\u00e9ment au RGPD.<\/p>\n","protected":false},"author":1,"featured_media":342,"parent":0,"menu_order":0,"comment_status":"closed","ping_status":"closed","template":"","meta":{"footnotes":""},"class_list":["post-124","page","type-page","status-publish","has-post-thumbnail","hentry"],"_links":{"self":[{"href":"https:\/\/www.patapon95.fr\/index.php\/wp-json\/wp\/v2\/pages\/124","targetHints":{"allow":["GET"]}}],"collection":[{"href":"https:\/\/www.patapon95.fr\/index.php\/wp-json\/wp\/v2\/pages"}],"about":[{"href":"https:\/\/www.patapon95.fr\/index.php\/wp-json\/wp\/v2\/types\/page"}],"author":[{"embeddable":true,"href":"https:\/\/www.patapon95.fr\/index.php\/wp-json\/wp\/v2\/users\/1"}],"replies":[{"embeddable":true,"href":"https:\/\/www.patapon95.fr\/index.php\/wp-json\/wp\/v2\/comments?post=124"}],"version-history":[{"count":5,"href":"https:\/\/www.patapon95.fr\/index.php\/wp-json\/wp\/v2\/pages\/124\/revisions"}],"predecessor-version":[{"id":257,"href":"https:\/\/www.patapon95.fr\/index.php\/wp-json\/wp\/v2\/pages\/124\/revisions\/257"}],"wp:featuredmedia":[{"embeddable":true,"href":"https:\/\/www.patapon95.fr\/index.php\/wp-json\/wp\/v2\/media\/342"}],"wp:attachment":[{"href":"https:\/\/www.patapon95.fr\/index.php\/wp-json\/wp\/v2\/media?parent=124"}],"curies":[{"name":"wp","href":"https:\/\/api.w.org\/{rel}","templated":true}]}}