{"id":122,"date":"2026-04-12T02:15:31","date_gmt":"2026-04-12T02:15:31","guid":{"rendered":"https:\/\/www.patapon95.fr\/?page_id=122"},"modified":"2026-04-14T12:38:02","modified_gmt":"2026-04-14T12:38:02","slug":"contact","status":"publish","type":"page","link":"https:\/\/www.patapon95.fr\/index.php\/contact\/","title":{"rendered":"Contact"},"content":{"rendered":"\n<blockquote class=\"wp-block-quote is-layout-flow wp-block-quote-is-layout-flow\">\n<p>Si vous \u00eates en situation de danger imm\u00e9diat, contactez le 17 ou le 112.<\/p>\n\n\n\n<p>Vous pouvez \u00e9galement appeler le 3919 \u2013 Violences Femmes Info<\/p>\n\n\n\n<p>(gratuit, anonyme, 24h\/24)<\/p>\n<\/blockquote>\n\n\n\n<p>Que vous soyez une personne concern\u00e9e par des violences de genre, un professionnel ou un partenaire institutionnel, l\u2019association Patapon95 est \u00e0 votre \u00e9coute.<\/p>\n\n\n\n<p>Toute demande est trait\u00e9e avec confidentialit\u00e9 et bienveillance<\/p>\n\n\n\n<p>Les informations transmises via ce formulaire sont strictement confidentielles et destin\u00e9es uniquement \u00e0 l\u2019association Patapon95.<\/p>\n\n\n\n<p>Vous pouvez aussi envoyer un mail \u00e0 <a href=\"mailto:contact@patapon95.fr\">contact@patapon95.fr<\/a> si vous pr\u00e9f\u00e9rez<\/p>\n\n\n\n<div class=\"wp-block-columns is-layout-flex wp-container-core-columns-is-layout-28f84493 wp-block-columns-is-layout-flex\">\n<div class=\"wp-block-column is-layout-flow wp-block-column-is-layout-flow\" style=\"flex-basis:100%\">\n<iframe loading=\"lazy\" width=\"640px\" height=\"1590px\" src=\"https:\/\/forms.cloud.microsoft\/Pages\/ResponsePage.aspx?id=RnwJSwh4YUyjM4ZanKQllmxU-6zj1RNGoUZ8XZfBRgdUNUtHMlJETTdHUDlEVVY4U0tETkRNWUtMWS4u&#038;embed=true\" frameborder=\"0\" marginwidth=\"0\" marginheight=\"0\" style=\"border: none; max-width:100%; max-height:100vh\" allowfullscreen webkitallowfullscreen mozallowfullscreen msallowfullscreen> <\/iframe>\n<\/div>\n<\/div>\n","protected":false},"excerpt":{"rendered":"<p>Si vous \u00eates en situation de danger imm\u00e9diat, contactez le 17 ou le 112. Vous pouvez \u00e9galement appeler le 3919 \u2013 Violences Femmes Info (gratuit, anonyme, 24h\/24) Que vous soyez une personne concern\u00e9e par des violences de genre, un professionnel ou un partenaire institutionnel, l\u2019association Patapon95 est \u00e0 votre \u00e9coute. Toute demande est trait\u00e9e avec [&hellip;]<\/p>\n","protected":false},"author":1,"featured_media":341,"parent":0,"menu_order":0,"comment_status":"closed","ping_status":"closed","template":"","meta":{"footnotes":""},"class_list":["post-122","page","type-page","status-publish","has-post-thumbnail","hentry"],"_links":{"self":[{"href":"https:\/\/www.patapon95.fr\/index.php\/wp-json\/wp\/v2\/pages\/122","targetHints":{"allow":["GET"]}}],"collection":[{"href":"https:\/\/www.patapon95.fr\/index.php\/wp-json\/wp\/v2\/pages"}],"about":[{"href":"https:\/\/www.patapon95.fr\/index.php\/wp-json\/wp\/v2\/types\/page"}],"author":[{"embeddable":true,"href":"https:\/\/www.patapon95.fr\/index.php\/wp-json\/wp\/v2\/users\/1"}],"replies":[{"embeddable":true,"href":"https:\/\/www.patapon95.fr\/index.php\/wp-json\/wp\/v2\/comments?post=122"}],"version-history":[{"count":25,"href":"https:\/\/www.patapon95.fr\/index.php\/wp-json\/wp\/v2\/pages\/122\/revisions"}],"predecessor-version":[{"id":286,"href":"https:\/\/www.patapon95.fr\/index.php\/wp-json\/wp\/v2\/pages\/122\/revisions\/286"}],"wp:featuredmedia":[{"embeddable":true,"href":"https:\/\/www.patapon95.fr\/index.php\/wp-json\/wp\/v2\/media\/341"}],"wp:attachment":[{"href":"https:\/\/www.patapon95.fr\/index.php\/wp-json\/wp\/v2\/media?parent=122"}],"curies":[{"name":"wp","href":"https:\/\/api.w.org\/{rel}","templated":true}]}}