{"id":116,"date":"2026-04-12T02:14:00","date_gmt":"2026-04-12T02:14:00","guid":{"rendered":"https:\/\/www.patapon95.fr\/?page_id=116"},"modified":"2026-04-14T12:27:38","modified_gmt":"2026-04-14T12:27:38","slug":"prevention-sensibilisation","status":"publish","type":"page","link":"https:\/\/www.patapon95.fr\/index.php\/prevention-sensibilisation\/","title":{"rendered":"Pr\u00e9vention &amp; sensibilisation"},"content":{"rendered":"\n<p>L&rsquo;association PATAPON 95 \u0153uvre pour la sensibilisation de tous les publics aux questions d&rsquo;\u00e9galit\u00e9 femmes-hommes et de violences de genre.<\/p>\n\n\n\n<p>Les th\u00e9matiques recouvrent tout le champ des actes li\u00e9s \u00e0 une domination de genre : violences sexistes et sexuelles , violences conjugales, harc\u00e8lement sexuel, cyberharc\u00e8lement, viols, f\u00e9minicides, in\u00e9galit\u00e9s hommes femmes en entreprise, d\u00e9construction des mod\u00e8les de masculinit\u00e9 et de f\u00e9minit\u00e9.<\/p>\n\n\n\n<p>Notre action s&rsquo;appuie sur un r\u00e9seau d&rsquo;intervenants qualifi\u00e9s \u00e0 m\u00eame d&rsquo;animer des actions d&rsquo;information et de sensibilisation aupr\u00e8s de diff\u00e9rents publics ( jeunes, parents, citoyens) et aupr\u00e8s d&rsquo;acteurs locaux ou institutionnels.<\/p>\n\n\n\n<p>Des expositions sont \u00e9galement propos\u00e9es de mani\u00e8re \u00e0 atteindre une cible \u00e9largie .<\/p>\n\n\n\n<p>\u00c0 cet effet, diff\u00e9rentes structures peuvent \u00eatre sollicit\u00e9es et associ\u00e9es : m\u00e9diath\u00e8ques, associations de parents d&rsquo;\u00e9l\u00e8ves, services jeunesse, missions locales \u2026<\/p>\n\n\n\n<p>En amont de toute intervention de PATAPON 95, un rendez-vous est r\u00e9alis\u00e9 pour fixer les modalit\u00e9s et les engagements de chaque partie. Si un financement est requis, PATAPON \u00e9tablit le devis correspondant aux frais induits par l&rsquo;action propos\u00e9e.<\/p>\n\n\n\n<figure class=\"wp-block-image aligncenter size-full\"><img loading=\"lazy\" decoding=\"async\" width=\"100\" height=\"72\" src=\"http:\/\/www.patapon95.fr\/wp-content\/uploads\/2026\/04\/Logo-Patapon95-100.png\" alt=\"\" class=\"wp-image-6\"\/><\/figure>\n","protected":false},"excerpt":{"rendered":"<p>L&rsquo;association PATAPON 95 \u0153uvre pour la sensibilisation de tous les publics aux questions d&rsquo;\u00e9galit\u00e9 femmes-hommes et de violences de genre. Les th\u00e9matiques recouvrent tout le champ des actes li\u00e9s \u00e0 une domination de genre : violences sexistes et sexuelles , violences conjugales, harc\u00e8lement sexuel, cyberharc\u00e8lement, viols, f\u00e9minicides, in\u00e9galit\u00e9s hommes femmes en entreprise, d\u00e9construction des mod\u00e8les [&hellip;]<\/p>\n","protected":false},"author":1,"featured_media":337,"parent":0,"menu_order":0,"comment_status":"closed","ping_status":"closed","template":"","meta":{"footnotes":""},"class_list":["post-116","page","type-page","status-publish","has-post-thumbnail","hentry"],"_links":{"self":[{"href":"https:\/\/www.patapon95.fr\/index.php\/wp-json\/wp\/v2\/pages\/116","targetHints":{"allow":["GET"]}}],"collection":[{"href":"https:\/\/www.patapon95.fr\/index.php\/wp-json\/wp\/v2\/pages"}],"about":[{"href":"https:\/\/www.patapon95.fr\/index.php\/wp-json\/wp\/v2\/types\/page"}],"author":[{"embeddable":true,"href":"https:\/\/www.patapon95.fr\/index.php\/wp-json\/wp\/v2\/users\/1"}],"replies":[{"embeddable":true,"href":"https:\/\/www.patapon95.fr\/index.php\/wp-json\/wp\/v2\/comments?post=116"}],"version-history":[{"count":4,"href":"https:\/\/www.patapon95.fr\/index.php\/wp-json\/wp\/v2\/pages\/116\/revisions"}],"predecessor-version":[{"id":338,"href":"https:\/\/www.patapon95.fr\/index.php\/wp-json\/wp\/v2\/pages\/116\/revisions\/338"}],"wp:featuredmedia":[{"embeddable":true,"href":"https:\/\/www.patapon95.fr\/index.php\/wp-json\/wp\/v2\/media\/337"}],"wp:attachment":[{"href":"https:\/\/www.patapon95.fr\/index.php\/wp-json\/wp\/v2\/media?parent=116"}],"curies":[{"name":"wp","href":"https:\/\/api.w.org\/{rel}","templated":true}]}}