{"id":112,"date":"2026-04-12T02:13:00","date_gmt":"2026-04-12T02:13:00","guid":{"rendered":"https:\/\/www.patapon95.fr\/?page_id=112"},"modified":"2026-04-20T06:55:00","modified_gmt":"2026-04-20T06:55:00","slug":"nos-missions","status":"publish","type":"page","link":"https:\/\/www.patapon95.fr\/index.php\/nos-missions\/","title":{"rendered":"Nos missions"},"content":{"rendered":"\n<p><\/p>\n\n\n\n<h1 class=\"wp-block-heading\"><strong>Patapon : R\u00e9parer les mailles, Transformer les hommes<\/strong><\/h1>\n\n\n\n<p>Il y a des retraites qui ne sont pas des fins, mais des nouveaux d\u00e9parts. Pour Brigitte et Pierre, ce chapitre s&rsquo;\u00e9crit avec la force de l&rsquo;exp\u00e9rience et l&rsquo;urgence d&rsquo;agir face \u00e0 un constat partag\u00e9 : malgr\u00e9 les ann\u00e9es, la violence de genre trouve encore trop de failles o\u00f9 s&rsquo;immiscer.<\/p>\n\n\n\n<figure class=\"wp-block-image aligncenter size-full\"><img loading=\"lazy\" decoding=\"async\" width=\"100\" height=\"72\" src=\"http:\/\/www.patapon95.fr\/wp-content\/uploads\/2026\/04\/Logo-Patapon95-100-1.png\" alt=\"\" class=\"wp-image-81\"\/><\/figure>\n\n\n\n<h2 class=\"wp-block-heading\"><strong>Brigitte : La sentinelle du terrain<\/strong><\/h2>\n\n\n\n<p>L&rsquo;histoire de Brigitte commence sur le front social, l\u00e0 o\u00f9 le silence est lourd. Pendant quinze ans, elle a accompagn\u00e9 des familles et des m\u00e8res isol\u00e9es, recueillant les confidences de celles qui subissaient la violence dans l&rsquo;ombre de leur foyer. Ce qui l&rsquo;a marqu\u00e9e \u00e0 jamais, c\u2019est cette \u00ab&nbsp;honte&nbsp;\u00bb et cette \u00ab&nbsp;culpabilit\u00e9&nbsp;\u00bb que les victimes exprimaient une fois le premier mot l\u00e2ch\u00e9.<\/p>\n\n\n\n<p>Pionni\u00e8re, elle participait d\u00e9j\u00e0 aux premi\u00e8res \u00e9coutes t\u00e9l\u00e9phoniques nocturnes et relevait le d\u00e9fi de former les policiers \u00e0 ces r\u00e9alit\u00e9s alors m\u00e9connues. Devenue responsable de territoire de service social, elle a g\u00e9r\u00e9 l&rsquo;urgence et la protection des plus vuln\u00e9rables. Mais apr\u00e8s des ann\u00e9es de r\u00e9seau intense, le constat reste amer : il y a toujours des \u00ab trous dans la raquette \u00bb. Les financements vacillent, la pr\u00e9vention manque de souffle, et l&rsquo;envie d&rsquo;agir de Brigitte, elle, reste intacte.<\/p>\n\n\n\n<figure class=\"wp-block-image aligncenter size-full\"><img loading=\"lazy\" decoding=\"async\" width=\"100\" height=\"72\" src=\"http:\/\/www.patapon95.fr\/wp-content\/uploads\/2026\/04\/Logo-Patapon95-100.png\" alt=\"\" class=\"wp-image-6\"\/><\/figure>\n\n\n\n<h2 class=\"wp-block-heading\"><strong>Pierre : D\u00e9construire pour reconstruire<\/strong><\/h2>\n\n\n\n<p>Le parcours de Pierre est celui d&rsquo;une m\u00e9tamorphose. Chimiste et ing\u00e9nieur en informatique de formation, c&rsquo;est l&rsquo;\u00e9preuve d&rsquo;un cancer qui l&rsquo;a pouss\u00e9 \u00e0 r\u00e9aligner sa vie sur l&rsquo;humain. Devenu psychologue clinicien, il s&rsquo;est arm\u00e9 d&rsquo;outils th\u00e9rapeutiques issu des TCC de 3\u00e8me g\u00e9n\u00e9ration comme ACT et MBCT et aussi l&rsquo;EMDR pour traiter les traumatismes.<\/p>\n\n\n\n<p>En s&rsquo;engageant comme b\u00e9n\u00e9vole pour l&rsquo;association \u00ab&nbsp;Mon \u00e2me s\u0153ur&nbsp;\u00bb, Pierre a vu la r\u00e9alit\u00e9 brute des violences conjugales. Mais son regard d&rsquo;homme a per\u00e7u une dimension souvent pass\u00e9e sous silence : \u00ab&nbsp;la racine syst\u00e9mique du mal&nbsp;\u00bb. Il a observ\u00e9 que ces violences d\u00e9passent le cadre du couple pour s&rsquo;ancrer dans une culture de la domination.<\/p>\n\n\n\n<p>En collaborant avec diverses associations, Pierre a fait un constat frappant : il \u00e9tait souvent le seul homme au milieu de groupes majoritairement f\u00e9minins luttant pour leurs droits. Cette solitude l&rsquo;a pouss\u00e9 \u00e0 une profonde r\u00e9flexion sur la \u00ab&nbsp;masculinit\u00e9 toxique&nbsp;\u00bb. Face aux r\u00e9gressions des droits des femmes observ\u00e9es mondialement, il a compris que le combat ne pouvait plus \u00eatre men\u00e9 uniquement par les victimes. Il est devenu vital pour lui d&rsquo;agir sur la source : d\u00e9construire les m\u00e9canismes du patriarcat et engager les hommes dans une red\u00e9finition de leur identit\u00e9.<\/p>\n\n\n\n<figure class=\"wp-block-image aligncenter size-full\"><img loading=\"lazy\" decoding=\"async\" width=\"100\" height=\"72\" src=\"http:\/\/www.patapon95.fr\/wp-content\/uploads\/2026\/04\/Logo-Patapon95-100.png\" alt=\"\" class=\"wp-image-6\"\/><\/figure>\n\n\n\n<h2 class=\"wp-block-heading\"><strong>La rencontre : Une alliance th\u00e9rapeutique et sociale<\/strong><\/h2>\n\n\n\n<p>L&rsquo;association \u00ab&nbsp;Patapon&nbsp;\u00bb est n\u00e9e de cette fusion n\u00e9cessaire. L\u00e0 o\u00f9 Brigitte apporte sa vision syst\u00e9mique du territoire, Pierre apporte sa finesse clinique et son regard engag\u00e9 sur les questions de genre.<\/p>\n\n\n\n<p>Tous deux experts en \u00ab&nbsp;Appreciative Inquiry&nbsp;\u00bb, ils ont d\u00e9cid\u00e9 de ne plus seulement panser les plaies, mais de transformer le syst\u00e8me. Leur projet est un pont entre deux mondes :<\/p>\n\n\n\n<ul class=\"wp-block-list\">\n<li>\u00ab\u00a0L&rsquo;action curative\u00a0\u00bb : Utiliser des th\u00e9rapies br\u00e8ves et cibl\u00e9es pour relever ceux que la violence a mis \u00e0 terre.<br><a href=\"https:\/\/www.patapon95.fr\/index.php\/accompagnement-des-victimes\/\" data-type=\"page\" data-id=\"114\">Accompagnement des victimes<\/a><\/li>\n\n\n\n<li>\u00ab&nbsp;L&rsquo;action pr\u00e9ventive et militante&nbsp;\u00bb :\n<ul class=\"wp-block-list\">\n<li>Intervenir aupr\u00e8s de diff\u00e9rents publics pour d\u00e9construire les pr\u00e9jug\u00e9s, combattre activement la masculinit\u00e9 toxique d\u00e8s la racine.<\/li>\n\n\n\n<li>Alerter et nommer les violences de genre. Former et informer pour activer les ressources des individus et des collectifs<\/li>\n<\/ul>\n<\/li>\n\n\n\n<li><a href=\"https:\/\/www.patapon95.fr\/index.php\/prevention-sensibilisation\/\" data-type=\"page\" data-id=\"116\">Pr\u00e9vention &amp; sensibilisation<\/a><\/li>\n<\/ul>\n\n\n\n<p>Pourquoi \u00ab\u00a0Patapon\u00a0\u00bb ?<\/p>\n\n\n\n<p>Ce nom \u00e9voque la r\u00e9silience et une pointe de l\u00e9g\u00e8ret\u00e9 n\u00e9cessaire pour porter des sujets si graves. C&rsquo;est leur promesse de ne plus laisser personne passer \u00e0 travers les mailles du filet. Mais pour conna\u00eetre le secret de ce nom, il faudra venir \u00e0 leur rencontre&#8230;<\/p>\n\n\n\n<figure class=\"wp-block-image aligncenter size-full\"><img loading=\"lazy\" decoding=\"async\" width=\"100\" height=\"72\" src=\"http:\/\/www.patapon95.fr\/wp-content\/uploads\/2026\/04\/Logo-Patapon95-100.png\" alt=\"\" class=\"wp-image-6\"\/><\/figure>\n","protected":false},"excerpt":{"rendered":"<p>Patapon : R\u00e9parer les mailles, Transformer les hommes Il y a des retraites qui ne sont pas des fins, mais des nouveaux d\u00e9parts. Pour Brigitte et Pierre, ce chapitre s&rsquo;\u00e9crit avec la force de l&rsquo;exp\u00e9rience et l&rsquo;urgence d&rsquo;agir face \u00e0 un constat partag\u00e9 : malgr\u00e9 les ann\u00e9es, la violence de genre trouve encore trop de [&hellip;]<\/p>\n","protected":false},"author":1,"featured_media":346,"parent":0,"menu_order":0,"comment_status":"closed","ping_status":"closed","template":"","meta":{"footnotes":""},"class_list":["post-112","page","type-page","status-publish","has-post-thumbnail","hentry"],"_links":{"self":[{"href":"https:\/\/www.patapon95.fr\/index.php\/wp-json\/wp\/v2\/pages\/112","targetHints":{"allow":["GET"]}}],"collection":[{"href":"https:\/\/www.patapon95.fr\/index.php\/wp-json\/wp\/v2\/pages"}],"about":[{"href":"https:\/\/www.patapon95.fr\/index.php\/wp-json\/wp\/v2\/types\/page"}],"author":[{"embeddable":true,"href":"https:\/\/www.patapon95.fr\/index.php\/wp-json\/wp\/v2\/users\/1"}],"replies":[{"embeddable":true,"href":"https:\/\/www.patapon95.fr\/index.php\/wp-json\/wp\/v2\/comments?post=112"}],"version-history":[{"count":4,"href":"https:\/\/www.patapon95.fr\/index.php\/wp-json\/wp\/v2\/pages\/112\/revisions"}],"predecessor-version":[{"id":362,"href":"https:\/\/www.patapon95.fr\/index.php\/wp-json\/wp\/v2\/pages\/112\/revisions\/362"}],"wp:featuredmedia":[{"embeddable":true,"href":"https:\/\/www.patapon95.fr\/index.php\/wp-json\/wp\/v2\/media\/346"}],"wp:attachment":[{"href":"https:\/\/www.patapon95.fr\/index.php\/wp-json\/wp\/v2\/media?parent=112"}],"curies":[{"name":"wp","href":"https:\/\/api.w.org\/{rel}","templated":true}]}}